{"id":161,"date":"2015-01-07T15:06:28","date_gmt":"2015-01-07T15:06:28","guid":{"rendered":"http:\/\/pinoverde.nl\/es\/?page_id=161"},"modified":"2016-04-03T10:10:26","modified_gmt":"2016-04-03T10:10:26","slug":"algemene-voorwaarden","status":"publish","type":"page","link":"https:\/\/pinoverde.nl\/es\/algemene-voorwaarden\/","title":{"rendered":"Condiciones generales"},"content":{"rendered":"<div style='padding-bottom:10px;' class='av-special-heading av-special-heading-h2   '><h2 class='av-special-heading-tag'  itemprop=\"headline\"  >Condiciones generales Pino Verde<\/h2><div class='special-heading-border'><div class='special-heading-inner-border' ><\/div><\/div><\/div>\n<section class=\"av_textblock_section\"  itemscope=\"itemscope\" itemtype=\"https:\/\/schema.org\/CreativeWork\" ><div class='avia_textblock '   itemprop=\"text\" ><p>Se requiere una entrada de un 30 por ciento sobre el precio total para confirmar la reserva. El resto se abonar\u00e1 seis semanas antes de la llegada. No se permiten animales dom\u00e9sticos. Salvo que se estipule lo contrario, la limpieza, ropa de cama y toallas no est\u00e1n incluidas en las tarifas.<\/p>\n<\/div><\/section>\n","protected":false},"excerpt":{"rendered":"","protected":false},"author":1,"featured_media":0,"parent":0,"menu_order":0,"comment_status":"open","ping_status":"open","template":"","meta":{"footnotes":""},"class_list":["post-161","page","type-page","status-publish","hentry"],"_links":{"self":[{"href":"https:\/\/pinoverde.nl\/es\/wp-json\/wp\/v2\/pages\/161","targetHints":{"allow":["GET"]}}],"collection":[{"href":"https:\/\/pinoverde.nl\/es\/wp-json\/wp\/v2\/pages"}],"about":[{"href":"https:\/\/pinoverde.nl\/es\/wp-json\/wp\/v2\/types\/page"}],"author":[{"embeddable":true,"href":"https:\/\/pinoverde.nl\/es\/wp-json\/wp\/v2\/users\/1"}],"replies":[{"embeddable":true,"href":"https:\/\/pinoverde.nl\/es\/wp-json\/wp\/v2\/comments?post=161"}],"version-history":[{"count":4,"href":"https:\/\/pinoverde.nl\/es\/wp-json\/wp\/v2\/pages\/161\/revisions"}],"predecessor-version":[{"id":243,"href":"https:\/\/pinoverde.nl\/es\/wp-json\/wp\/v2\/pages\/161\/revisions\/243"}],"wp:attachment":[{"href":"https:\/\/pinoverde.nl\/es\/wp-json\/wp\/v2\/media?parent=161"}],"curies":[{"name":"wp","href":"https:\/\/api.w.org\/{rel}","templated":true}]}}