{"id":42,"date":"2014-11-26T15:05:09","date_gmt":"2014-11-26T15:05:09","guid":{"rendered":"http:\/\/pinoverde.nl\/es\/?page_id=42"},"modified":"2016-04-03T10:48:33","modified_gmt":"2016-04-03T10:48:33","slug":"el-apartemento","status":"publish","type":"page","link":"https:\/\/pinoverde.nl\/es\/el-apartemento\/","title":{"rendered":"El apartamento"},"content":{"rendered":"<div class=\"flex_column av_one_full first  \"><section class=\"av_textblock_section\"  itemscope=\"itemscope\" itemtype=\"https:\/\/schema.org\/CreativeWork\" ><div class='avia_textblock '   itemprop=\"text\" ><p><img loading=\"lazy\" decoding=\"async\" class=\"alignright wp-image-45 size-full\" style=\"padding: 5px;\" src=\"http:\/\/pinoverde.nl\/es\/wp-content\/uploads\/sites\/4\/2014\/11\/tamariu-beach-119-x-418.jpg\" alt=\"tamariu beach\" width=\"119\" height=\"418\" srcset=\"https:\/\/pinoverde.nl\/es\/wp-content\/uploads\/sites\/4\/2014\/11\/tamariu-beach-119-x-418.jpg 119w, https:\/\/pinoverde.nl\/es\/wp-content\/uploads\/sites\/4\/2014\/11\/tamariu-beach-119-x-418-85x300.jpg 85w\" sizes=\"auto, (max-width: 119px) 100vw, 119px\" \/><\/p>\n<h2>Pino Verde en L\u2019Escala<\/h2>\n<p>El apartamento consiste en dos habitaciones con camas confortables y un ba\u00f1o con ba\u00f1era. La cocina est\u00e1 equipada con microondas y horno, y tambi\u00e9n es posible hacer barbacoas en el balc\u00f3n. Adem\u00e1s se pueden usar la lavadora y la secadora. Dispone de un aparcamiento privado, justo frente a la entrada del apartamento. Desde tu terraza particular gozar\u00e1s de unas agradables vistas a la piscina, las monta\u00f1as y el jard\u00edn interior.<\/p>\n<p>Pino Verde es un peque\u00f1o complejo de 24 apartamentos construidos seg\u00fan el estilo espa\u00f1ol. Incluye una piscina comunitaria que se puede usar entre las 8.00 y las 23.30 horas. Si prefieres el mar, la playa est\u00e1 a cinco minutos a pie. El casco antiguo del pueblo se sit\u00faa a menos de 10 minutos andando y presenta suficiente oferta para disfrutar de la gastronom\u00eda espa\u00f1ola.<\/p>\n<p><a href=\"http:\/\/pinoverde.nl\/het-appartement\/faciliteiten\/\">Ver las comodidades<\/a><\/p>\n<\/div><\/section><\/div>\n","protected":false},"excerpt":{"rendered":"","protected":false},"author":1,"featured_media":0,"parent":0,"menu_order":0,"comment_status":"open","ping_status":"open","template":"","meta":{"footnotes":""},"class_list":["post-42","page","type-page","status-publish","hentry"],"_links":{"self":[{"href":"https:\/\/pinoverde.nl\/es\/wp-json\/wp\/v2\/pages\/42","targetHints":{"allow":["GET"]}}],"collection":[{"href":"https:\/\/pinoverde.nl\/es\/wp-json\/wp\/v2\/pages"}],"about":[{"href":"https:\/\/pinoverde.nl\/es\/wp-json\/wp\/v2\/types\/page"}],"author":[{"embeddable":true,"href":"https:\/\/pinoverde.nl\/es\/wp-json\/wp\/v2\/users\/1"}],"replies":[{"embeddable":true,"href":"https:\/\/pinoverde.nl\/es\/wp-json\/wp\/v2\/comments?post=42"}],"version-history":[{"count":11,"href":"https:\/\/pinoverde.nl\/es\/wp-json\/wp\/v2\/pages\/42\/revisions"}],"predecessor-version":[{"id":241,"href":"https:\/\/pinoverde.nl\/es\/wp-json\/wp\/v2\/pages\/42\/revisions\/241"}],"wp:attachment":[{"href":"https:\/\/pinoverde.nl\/es\/wp-json\/wp\/v2\/media?parent=42"}],"curies":[{"name":"wp","href":"https:\/\/api.w.org\/{rel}","templated":true}]}}