{"id":55,"date":"2014-11-26T15:37:09","date_gmt":"2014-11-26T15:37:09","guid":{"rendered":"http:\/\/pinoverde.nl\/es\/?page_id=55"},"modified":"2017-10-20T08:16:32","modified_gmt":"2017-10-20T08:16:32","slug":"prestaciones","status":"publish","type":"page","link":"https:\/\/pinoverde.nl\/es\/el-apartemento\/prestaciones\/","title":{"rendered":"Nuestras prestaciones"},"content":{"rendered":"<div style='padding-bottom:10px;' class='av-special-heading av-special-heading-h1    '><h1 class='av-special-heading-tag'  itemprop=\"headline\"  >Nuestras prestaciones<\/h1><div class='special-heading-border'><div class='special-heading-inner-border' ><\/div><\/div><\/div>\n<div class=\"flex_column av_one_full first  \"><section class=\"av_textblock_section\"  itemscope=\"itemscope\" itemtype=\"https:\/\/schema.org\/CreativeWork\" ><div class='avia_textblock '   itemprop=\"text\" ><p>El apartamento est\u00e1 completamente equipado y cuenta con todo lo necesario para hacer tu estancia a\u00fan mas confortable. A continuaci\u00f3n encontrar\u00e1s una lista de todos los servicios dentro y fuera del apartamento.<\/p>\n<\/div><\/section><\/div>\n<div class=\"flex_column av_one_third first  \"><p><div style='padding-bottom:10px;' class='av-special-heading av-special-heading-h4    '><h4 class='av-special-heading-tag'  itemprop=\"headline\"  >DORMITORIOS<\/h4><div class='special-heading-border'><div class='special-heading-inner-border' ><\/div><\/div><\/div><br \/>\n<section class=\"av_textblock_section\"  itemscope=\"itemscope\" itemtype=\"https:\/\/schema.org\/CreativeWork\" ><div class='avia_textblock '   itemprop=\"text\" ><p>Cama doble<br \/>\nLitera 2 personas<br \/>\nCama individual<br \/>\nRopa de cama (opcional)<\/p>\n<\/div><\/section><\/p><\/div>\n<div class=\"flex_column av_one_third   \"><p><div style='padding-bottom:10px;' class='av-special-heading av-special-heading-h4    '><h4 class='av-special-heading-tag'  itemprop=\"headline\"  >COCINA <span class='special_amp'>&amp;<\/span> SAL\u00d3N<\/h4><div class='special-heading-border'><div class='special-heading-inner-border' ><\/div><\/div><\/div><br \/>\n<section class=\"av_textblock_section\"  itemscope=\"itemscope\" itemtype=\"https:\/\/schema.org\/CreativeWork\" ><div class='avia_textblock '   itemprop=\"text\" ><p>Barbacoa<br \/>\nWifi<br \/>\nTelevisor<br \/>\nReproductor de CD\/DVD<br \/>\nCocina americana<br \/>\nLavadora<br \/>\nSecadora<br \/>\nHorno<br \/>\nLavavajillas<br \/>\nMicroondas<br \/>\nToallas (opcional)<\/p>\n<\/div><\/section><\/p><\/div><div class=\"flex_column av_one_third   \"><p><div style='padding-bottom:10px;' class='av-special-heading av-special-heading-h4    '><h4 class='av-special-heading-tag'  itemprop=\"headline\"  >JARD\u00cdN <span class='special_amp'>&amp;<\/span> NI\u00d1OS<\/h4><div class='special-heading-border'><div class='special-heading-inner-border' ><\/div><\/div><\/div><br \/>\n<section class=\"av_textblock_section\"  itemscope=\"itemscope\" itemtype=\"https:\/\/schema.org\/CreativeWork\" ><div class='avia_textblock '   itemprop=\"text\" ><p>Libros y DVDs<br \/>\nJuegos<br \/>\nPatio para ni\u00f1os<br \/>\nPiscina<br \/>\nTrona (opcional)<br \/>\nCuna (opcional)<\/p>\n<\/div><\/section><\/p><\/div><\/p>\n","protected":false},"excerpt":{"rendered":"","protected":false},"author":1,"featured_media":0,"parent":42,"menu_order":0,"comment_status":"open","ping_status":"open","template":"","meta":{"footnotes":""},"class_list":["post-55","page","type-page","status-publish","hentry"],"_links":{"self":[{"href":"https:\/\/pinoverde.nl\/es\/wp-json\/wp\/v2\/pages\/55","targetHints":{"allow":["GET"]}}],"collection":[{"href":"https:\/\/pinoverde.nl\/es\/wp-json\/wp\/v2\/pages"}],"about":[{"href":"https:\/\/pinoverde.nl\/es\/wp-json\/wp\/v2\/types\/page"}],"author":[{"embeddable":true,"href":"https:\/\/pinoverde.nl\/es\/wp-json\/wp\/v2\/users\/1"}],"replies":[{"embeddable":true,"href":"https:\/\/pinoverde.nl\/es\/wp-json\/wp\/v2\/comments?post=55"}],"version-history":[{"count":16,"href":"https:\/\/pinoverde.nl\/es\/wp-json\/wp\/v2\/pages\/55\/revisions"}],"predecessor-version":[{"id":283,"href":"https:\/\/pinoverde.nl\/es\/wp-json\/wp\/v2\/pages\/55\/revisions\/283"}],"up":[{"embeddable":true,"href":"https:\/\/pinoverde.nl\/es\/wp-json\/wp\/v2\/pages\/42"}],"wp:attachment":[{"href":"https:\/\/pinoverde.nl\/es\/wp-json\/wp\/v2\/media?parent=55"}],"curies":[{"name":"wp","href":"https:\/\/api.w.org\/{rel}","templated":true}]}}