{"id":8,"date":"2014-11-26T12:46:09","date_gmt":"2014-11-26T12:46:09","guid":{"rendered":"http:\/\/pinoverde.nl\/es\/?page_id=8"},"modified":"2016-07-11T12:18:10","modified_gmt":"2016-07-11T12:18:10","slug":"home","status":"publish","type":"page","link":"https:\/\/pinoverde.nl\/es\/","title":{"rendered":"Home"},"content":{"rendered":"<div class=\"flex_column av_one_full first  \"><section class=\"av_textblock_section\"  itemscope=\"itemscope\" itemtype=\"https:\/\/schema.org\/CreativeWork\" ><div class='avia_textblock '   itemprop=\"text\" ><h2>Disfruta del pueblo pescador de L\u2019Escala<\/h2>\n<p>Desde esta p\u00e1gina web queremos invitarte a pasar tus vacaciones en el precioso pueblo pescador catal\u00e1n de L\u2019Escala. Si te decides, ll\u00e1manos por tel\u00e9fono o env\u00edanos un correo electr\u00f3nico y te aconsejaremos sobre los mejores planes para dar un toque extra a tus vacaciones.<\/p>\n<\/div><\/section><\/div>\n<div class=\"flex_column av_three_fourth first  \"><div  class='avia-video avia-video-16-9  '  itemprop=\"video\" itemtype=\"https:\/\/schema.org\/VideoObject\" ><div class='avia-iframe-wrap'><iframe loading=\"lazy\" width=\"1500\" height=\"844\" src=\"https:\/\/www.youtube.com\/embed\/yK7BcPZZRYc?feature=oembed\" frameborder=\"0\" allowfullscreen><\/iframe><\/div><\/div><\/div><div class=\"flex_column av_one_fourth   \"><section class=\"avia_codeblock_section avia_code_block_0\"  itemscope=\"itemscope\" itemtype=\"https:\/\/schema.org\/CreativeWork\" ><div class='avia_codeblock '  itemprop=\"text\" > [avia_codeblock_placeholder uid=\"0\"] <\/div><\/section><\/div><\/p>\n<div class=\"flex_column av_one_full first  \"><section class=\"av_textblock_section\"  itemscope=\"itemscope\" itemtype=\"https:\/\/schema.org\/CreativeWork\" ><div class='avia_textblock '   itemprop=\"text\" ><p>Conocemos la regi\u00f3n y los destinos de inter\u00e9s cercanos, sabemos qu\u00e9 restaurantes no debes perderte o d\u00f3nde salir de fiesta. Adem\u00e1s, estaremos encantados de ayudarte de forma gratuita con cualquier petici\u00f3n especial que puedas tener.<\/p>\n<p>Saludos soleados,<br \/>\nLeon y Nawarana<\/p>\n<\/div><\/section><\/div>\n","protected":false},"excerpt":{"rendered":"","protected":false},"author":1,"featured_media":0,"parent":0,"menu_order":0,"comment_status":"open","ping_status":"open","template":"","meta":{"footnotes":""},"class_list":["post-8","page","type-page","status-publish","hentry"],"_links":{"self":[{"href":"https:\/\/pinoverde.nl\/es\/wp-json\/wp\/v2\/pages\/8","targetHints":{"allow":["GET"]}}],"collection":[{"href":"https:\/\/pinoverde.nl\/es\/wp-json\/wp\/v2\/pages"}],"about":[{"href":"https:\/\/pinoverde.nl\/es\/wp-json\/wp\/v2\/types\/page"}],"author":[{"embeddable":true,"href":"https:\/\/pinoverde.nl\/es\/wp-json\/wp\/v2\/users\/1"}],"replies":[{"embeddable":true,"href":"https:\/\/pinoverde.nl\/es\/wp-json\/wp\/v2\/comments?post=8"}],"version-history":[{"count":26,"href":"https:\/\/pinoverde.nl\/es\/wp-json\/wp\/v2\/pages\/8\/revisions"}],"predecessor-version":[{"id":278,"href":"https:\/\/pinoverde.nl\/es\/wp-json\/wp\/v2\/pages\/8\/revisions\/278"}],"wp:attachment":[{"href":"https:\/\/pinoverde.nl\/es\/wp-json\/wp\/v2\/media?parent=8"}],"curies":[{"name":"wp","href":"https:\/\/api.w.org\/{rel}","templated":true}]}}